{"id":424,"date":"2020-01-23T20:56:06","date_gmt":"2020-01-23T20:56:06","guid":{"rendered":"http:\/\/www.centrolevante.it\/?page_id=424"},"modified":"2022-11-14T15:42:21","modified_gmt":"2022-11-14T14:42:21","slug":"mistral","status":"publish","type":"page","link":"https:\/\/www.centrolevante.it\/macherio\/mistral\/","title":{"rendered":"Comete"},"content":{"rendered":"\t\t<div data-elementor-type=\"wp-page\" data-elementor-id=\"424\" class=\"elementor elementor-424\">\n\t\t\t\t\t\t<section class=\"elementor-section elementor-top-section elementor-element elementor-element-443f3a89 elementor-section-boxed elementor-section-height-default elementor-section-height-default\" data-id=\"443f3a89\" data-element_type=\"section\">\n\t\t\t\t\t\t<div class=\"elementor-container elementor-column-gap-default\">\n\t\t\t\t\t<div class=\"elementor-column elementor-col-100 elementor-top-column elementor-element elementor-element-1b09f4a7\" data-id=\"1b09f4a7\" data-element_type=\"column\">\n\t\t\t<div class=\"elementor-widget-wrap elementor-element-populated\">\n\t\t\t\t\t\t<div class=\"elementor-element elementor-element-ed1d1aa elementor-widget elementor-widget-image\" data-id=\"ed1d1aa\" data-element_type=\"widget\" data-widget_type=\"image.default\">\n\t\t\t\t<div class=\"elementor-widget-container\">\n\t\t\t\t\t\t\t\t\t\t\t\t\t\t\t<img fetchpriority=\"high\" decoding=\"async\" width=\"570\" height=\"220\" src=\"https:\/\/www.centrolevante.it\/macherio\/wp-content\/uploads\/2020\/01\/comete_1.png\" class=\"attachment-full size-full wp-image-765\" alt=\"\" srcset=\"https:\/\/www.centrolevante.it\/macherio\/wp-content\/uploads\/2020\/01\/comete_1.png 570w, https:\/\/www.centrolevante.it\/macherio\/wp-content\/uploads\/2020\/01\/comete_1-300x116.png 300w\" sizes=\"(max-width: 570px) 100vw, 570px\" \/>\t\t\t\t\t\t\t\t\t\t\t\t\t\t\t<\/div>\n\t\t\t\t<\/div>\n\t\t\t\t<div class=\"elementor-element elementor-element-7fef3360 elementor-widget elementor-widget-heading\" data-id=\"7fef3360\" data-element_type=\"widget\" data-widget_type=\"heading.default\">\n\t\t\t\t<div class=\"elementor-widget-container\">\n\t\t\t\t\t<h1 class=\"elementor-heading-title elementor-size-default\">Comete<\/h1>\t\t\t\t<\/div>\n\t\t\t\t<\/div>\n\t\t\t\t<div class=\"elementor-element elementor-element-14dc01b2 elementor-widget elementor-widget-heading\" data-id=\"14dc01b2\" data-element_type=\"widget\" data-widget_type=\"heading.default\">\n\t\t\t\t<div class=\"elementor-widget-container\">\n\t\t\t\t\t<h3 class=\"elementor-heading-title elementor-size-default\">mediazione familiare e sostegno alla co-genitorialit\u00e0<\/h3>\t\t\t\t<\/div>\n\t\t\t\t<\/div>\n\t\t\t\t\t<\/div>\n\t\t<\/div>\n\t\t\t\t\t<\/div>\n\t\t<\/section>\n\t\t\t\t<section class=\"elementor-section elementor-top-section elementor-element elementor-element-44a57efb elementor-section-boxed elementor-section-height-default elementor-section-height-default\" data-id=\"44a57efb\" data-element_type=\"section\">\n\t\t\t\t\t\t<div class=\"elementor-container elementor-column-gap-default\">\n\t\t\t\t\t<div class=\"elementor-column elementor-col-100 elementor-top-column elementor-element elementor-element-31224e32\" data-id=\"31224e32\" data-element_type=\"column\">\n\t\t\t<div class=\"elementor-widget-wrap elementor-element-populated\">\n\t\t\t\t\t\t<div class=\"elementor-element elementor-element-2081e3b1 elementor-widget-divider--view-line elementor-widget elementor-widget-divider\" data-id=\"2081e3b1\" data-element_type=\"widget\" data-widget_type=\"divider.default\">\n\t\t\t\t<div class=\"elementor-widget-container\">\n\t\t\t\t\t\t\t<div class=\"elementor-divider\">\n\t\t\t<span class=\"elementor-divider-separator\">\n\t\t\t\t\t\t<\/span>\n\t\t<\/div>\n\t\t\t\t\t\t<\/div>\n\t\t\t\t<\/div>\n\t\t\t\t\t<\/div>\n\t\t<\/div>\n\t\t\t\t\t<\/div>\n\t\t<\/section>\n\t\t\t\t<section class=\"elementor-section elementor-top-section elementor-element elementor-element-2bb066f1 elementor-section-boxed elementor-section-height-default elementor-section-height-default\" data-id=\"2bb066f1\" data-element_type=\"section\" data-settings=\"{&quot;background_background&quot;:&quot;classic&quot;}\">\n\t\t\t\t\t\t<div class=\"elementor-container elementor-column-gap-default\">\n\t\t\t\t\t<div class=\"elementor-column elementor-col-100 elementor-top-column elementor-element elementor-element-40260e32\" data-id=\"40260e32\" data-element_type=\"column\">\n\t\t\t<div class=\"elementor-widget-wrap elementor-element-populated\">\n\t\t\t\t\t\t<div class=\"elementor-element elementor-element-1b7e69af elementor-widget elementor-widget-text-editor\" data-id=\"1b7e69af\" data-element_type=\"widget\" data-widget_type=\"text-editor.default\">\n\t\t\t\t<div class=\"elementor-widget-container\">\n\t\t\t\t\t\t\t\t\t<h3><span style=\"color: #c1d100;\"><span style=\"color: #a6acab;\">01 \/<\/span>\u00a0<\/span>COSA OFFRIAMO<\/h3>\t\t\t\t\t\t\t\t<\/div>\n\t\t\t\t<\/div>\n\t\t\t\t<div class=\"elementor-element elementor-element-91170d elementor-icon-list--layout-traditional elementor-list-item-link-full_width elementor-widget elementor-widget-icon-list\" data-id=\"91170d\" data-element_type=\"widget\" data-widget_type=\"icon-list.default\">\n\t\t\t\t<div class=\"elementor-widget-container\">\n\t\t\t\t\t\t\t<ul class=\"elementor-icon-list-items\">\n\t\t\t\t\t\t\t<li class=\"elementor-icon-list-item\">\n\t\t\t\t\t\t\t\t\t\t\t<span class=\"elementor-icon-list-icon\">\n\t\t\t\t\t\t\t<i aria-hidden=\"true\" class=\"fas fa-long-arrow-alt-right\"><\/i>\t\t\t\t\t\t<\/span>\n\t\t\t\t\t\t\t\t\t\t<span class=\"elementor-icon-list-text\">mediazione familiare, per facilitare la coppia genitoriale nella negoziazione e riorganizzazione delle relazioni familiari a seguito della separazione e del divorzio <\/span>\n\t\t\t\t\t\t\t\t\t<\/li>\n\t\t\t\t\t\t\t\t<li class=\"elementor-icon-list-item\">\n\t\t\t\t\t\t\t\t\t\t\t<span class=\"elementor-icon-list-icon\">\n\t\t\t\t\t\t\t<i aria-hidden=\"true\" class=\"fas fa-long-arrow-alt-right\"><\/i>\t\t\t\t\t\t<\/span>\n\t\t\t\t\t\t\t\t\t\t<span class=\"elementor-icon-list-text\">sostegno alla co-genitorialit\u00e0, per supportare i genitori in situazioni di conflitto intra-familiare<\/span>\n\t\t\t\t\t\t\t\t\t<\/li>\n\t\t\t\t\t\t\t\t<li class=\"elementor-icon-list-item\">\n\t\t\t\t\t\t\t\t\t\t\t<span class=\"elementor-icon-list-icon\">\n\t\t\t\t\t\t\t<i aria-hidden=\"true\" class=\"fas fa-long-arrow-alt-right\"><\/i>\t\t\t\t\t\t<\/span>\n\t\t\t\t\t\t\t\t\t\t<span class=\"elementor-icon-list-text\">gruppi di parola, per offrire un supporto ai figli che si trovano a dover fronteggiare la separazione dei loro genitori e i cambiamenti conseguenti nelle relazioni familiari<\/span>\n\t\t\t\t\t\t\t\t\t<\/li>\n\t\t\t\t\t\t<\/ul>\n\t\t\t\t\t\t<\/div>\n\t\t\t\t<\/div>\n\t\t\t\t\t<\/div>\n\t\t<\/div>\n\t\t\t\t\t<\/div>\n\t\t<\/section>\n\t\t\t\t<section class=\"elementor-section elementor-top-section elementor-element elementor-element-37c1074a elementor-section-boxed elementor-section-height-default elementor-section-height-default\" data-id=\"37c1074a\" data-element_type=\"section\">\n\t\t\t\t\t\t<div class=\"elementor-container elementor-column-gap-default\">\n\t\t\t\t\t<div class=\"elementor-column elementor-col-100 elementor-top-column elementor-element elementor-element-14f948f6\" data-id=\"14f948f6\" data-element_type=\"column\">\n\t\t\t<div class=\"elementor-widget-wrap elementor-element-populated\">\n\t\t\t\t\t\t<div class=\"elementor-element elementor-element-4e03dd06 elementor-widget elementor-widget-text-editor\" data-id=\"4e03dd06\" data-element_type=\"widget\" data-widget_type=\"text-editor.default\">\n\t\t\t\t<div class=\"elementor-widget-container\">\n\t\t\t\t\t\t\t\t\t<h3><span style=\"color: #a6acab;\">02 \/\u00a0<\/span>A CHI CI RIVOLGIAMO<\/h3>\t\t\t\t\t\t\t\t<\/div>\n\t\t\t\t<\/div>\n\t\t\t\t<div class=\"elementor-element elementor-element-20007a81 elementor-widget elementor-widget-text-editor\" data-id=\"20007a81\" data-element_type=\"widget\" data-widget_type=\"text-editor.default\">\n\t\t\t\t<div class=\"elementor-widget-container\">\n\t\t\t\t\t\t\t\t\t<p>Ai genitori in situazioni di separazione\/divorzio, di aperta conflittualit\u00e0 o difficolt\u00e0 di relazione, che stanno affrontando la sfida della crescita dei figli, allo scopo di facilitare la co-genitorialit\u00e0.<\/p>\t\t\t\t\t\t\t\t<\/div>\n\t\t\t\t<\/div>\n\t\t\t\t\t<\/div>\n\t\t<\/div>\n\t\t\t\t\t<\/div>\n\t\t<\/section>\n\t\t\t\t<section class=\"elementor-section elementor-top-section elementor-element elementor-element-40030ed1 elementor-section-boxed elementor-section-height-default elementor-section-height-default\" data-id=\"40030ed1\" data-element_type=\"section\">\n\t\t\t\t\t\t<div class=\"elementor-container elementor-column-gap-default\">\n\t\t\t\t\t<div class=\"elementor-column elementor-col-100 elementor-top-column elementor-element elementor-element-1b3b288b\" data-id=\"1b3b288b\" data-element_type=\"column\">\n\t\t\t<div class=\"elementor-widget-wrap elementor-element-populated\">\n\t\t\t\t\t\t<div class=\"elementor-element elementor-element-5c2fd6b9 elementor-widget elementor-widget-text-editor\" data-id=\"5c2fd6b9\" data-element_type=\"widget\" data-widget_type=\"text-editor.default\">\n\t\t\t\t<div class=\"elementor-widget-container\">\n\t\t\t\t\t\t\t\t\t<h3><span style=\"color: #a6acab;\">03 \/\u00a0<\/span>L&#8217;\u00c9QUIPE<\/h3>\t\t\t\t\t\t\t\t<\/div>\n\t\t\t\t<\/div>\n\t\t\t\t<div class=\"elementor-element elementor-element-5437adf4 elementor-widget elementor-widget-text-editor\" data-id=\"5437adf4\" data-element_type=\"widget\" data-widget_type=\"text-editor.default\">\n\t\t\t\t<div class=\"elementor-widget-container\">\n\t\t\t\t\t\t\t\t\t<p>L\u2019equipe di lavoro multidisciplinare comprende operatori esperti nel supporto alla co-genitorialit\u00e0 (psicoterapeuti, mediatori, pedagogisti, educatori).<\/p>\t\t\t\t\t\t\t\t<\/div>\n\t\t\t\t<\/div>\n\t\t\t\t<section class=\"elementor-section elementor-inner-section elementor-element elementor-element-6484fe4 elementor-section-boxed elementor-section-height-default elementor-section-height-default\" data-id=\"6484fe4\" data-element_type=\"section\">\n\t\t\t\t\t\t<div class=\"elementor-container elementor-column-gap-default\">\n\t\t\t\t\t<div class=\"elementor-column elementor-col-50 elementor-inner-column elementor-element elementor-element-3d69e018\" data-id=\"3d69e018\" data-element_type=\"column\">\n\t\t\t<div class=\"elementor-widget-wrap elementor-element-populated\">\n\t\t\t\t\t\t<div class=\"elementor-element elementor-element-2dcf2ce9 elementor-widget elementor-widget-image\" data-id=\"2dcf2ce9\" data-element_type=\"widget\" data-widget_type=\"image.default\">\n\t\t\t\t<div class=\"elementor-widget-container\">\n\t\t\t\t\t\t\t\t\t\t\t\t\t\t\t<img decoding=\"async\" width=\"550\" height=\"367\" src=\"https:\/\/www.centrolevante.it\/macherio\/wp-content\/uploads\/2020\/01\/colloquio2.jpg\" class=\"attachment-medium_large size-medium_large wp-image-766\" alt=\"\" srcset=\"https:\/\/www.centrolevante.it\/macherio\/wp-content\/uploads\/2020\/01\/colloquio2.jpg 550w, https:\/\/www.centrolevante.it\/macherio\/wp-content\/uploads\/2020\/01\/colloquio2-300x200.jpg 300w\" sizes=\"(max-width: 550px) 100vw, 550px\" \/>\t\t\t\t\t\t\t\t\t\t\t\t\t\t\t<\/div>\n\t\t\t\t<\/div>\n\t\t\t\t\t<\/div>\n\t\t<\/div>\n\t\t\t\t<div class=\"elementor-column elementor-col-50 elementor-inner-column elementor-element elementor-element-19c6a267\" data-id=\"19c6a267\" data-element_type=\"column\">\n\t\t\t<div class=\"elementor-widget-wrap elementor-element-populated\">\n\t\t\t\t\t\t<div class=\"elementor-element elementor-element-2f5c67ee elementor-widget elementor-widget-image\" data-id=\"2f5c67ee\" data-element_type=\"widget\" data-widget_type=\"image.default\">\n\t\t\t\t<div class=\"elementor-widget-container\">\n\t\t\t\t\t\t\t\t\t\t\t\t\t\t\t<img decoding=\"async\" width=\"768\" height=\"504\" src=\"https:\/\/www.centrolevante.it\/macherio\/wp-content\/uploads\/2020\/01\/colloquio-768x504.png\" class=\"attachment-medium_large size-medium_large wp-image-767\" alt=\"\" srcset=\"https:\/\/www.centrolevante.it\/macherio\/wp-content\/uploads\/2020\/01\/colloquio-768x504.png 768w, https:\/\/www.centrolevante.it\/macherio\/wp-content\/uploads\/2020\/01\/colloquio-300x197.png 300w, https:\/\/www.centrolevante.it\/macherio\/wp-content\/uploads\/2020\/01\/colloquio-1024x672.png 1024w, https:\/\/www.centrolevante.it\/macherio\/wp-content\/uploads\/2020\/01\/colloquio.png 1608w\" sizes=\"(max-width: 768px) 100vw, 768px\" \/>\t\t\t\t\t\t\t\t\t\t\t\t\t\t\t<\/div>\n\t\t\t\t<\/div>\n\t\t\t\t\t<\/div>\n\t\t<\/div>\n\t\t\t\t\t<\/div>\n\t\t<\/section>\n\t\t\t\t\t<\/div>\n\t\t<\/div>\n\t\t\t\t\t<\/div>\n\t\t<\/section>\n\t\t\t\t<section class=\"elementor-section elementor-top-section elementor-element elementor-element-2e389131 elementor-section-boxed elementor-section-height-default elementor-section-height-default\" data-id=\"2e389131\" data-element_type=\"section\">\n\t\t\t\t\t\t<div class=\"elementor-container elementor-column-gap-default\">\n\t\t\t\t\t<div class=\"elementor-column elementor-col-100 elementor-top-column elementor-element elementor-element-72013d27\" data-id=\"72013d27\" data-element_type=\"column\">\n\t\t\t<div class=\"elementor-widget-wrap elementor-element-populated\">\n\t\t\t\t\t\t<div class=\"elementor-element elementor-element-73c6e98 elementor-widget elementor-widget-image\" data-id=\"73c6e98\" data-element_type=\"widget\" data-widget_type=\"image.default\">\n\t\t\t\t<div class=\"elementor-widget-container\">\n\t\t\t\t\t\t\t\t\t\t\t\t\t\t\t<img loading=\"lazy\" decoding=\"async\" width=\"1024\" height=\"160\" src=\"https:\/\/www.centrolevante.it\/macherio\/wp-content\/uploads\/2020\/03\/Levante-Foot-1280x200_4-1024x160.jpg\" class=\"attachment-large size-large wp-image-1000\" alt=\"\" srcset=\"https:\/\/www.centrolevante.it\/macherio\/wp-content\/uploads\/2020\/03\/Levante-Foot-1280x200_4-1024x160.jpg 1024w, https:\/\/www.centrolevante.it\/macherio\/wp-content\/uploads\/2020\/03\/Levante-Foot-1280x200_4-300x47.jpg 300w, https:\/\/www.centrolevante.it\/macherio\/wp-content\/uploads\/2020\/03\/Levante-Foot-1280x200_4-768x120.jpg 768w, https:\/\/www.centrolevante.it\/macherio\/wp-content\/uploads\/2020\/03\/Levante-Foot-1280x200_4.jpg 1281w\" sizes=\"(max-width: 1024px) 100vw, 1024px\" \/>\t\t\t\t\t\t\t\t\t\t\t\t\t\t\t<\/div>\n\t\t\t\t<\/div>\n\t\t\t\t\t<\/div>\n\t\t<\/div>\n\t\t\t\t\t<\/div>\n\t\t<\/section>\n\t\t\t\t<\/div>\n\t\t","protected":false},"excerpt":{"rendered":"<p>Comete mediazione familiare e sostegno alla co-genitorialit\u00e0 01 \/&nbsp;COSA OFFRIAMO mediazione familiare, per facilitare la coppia genitoriale nella negoziazione e riorganizzazione delle relazioni familiari a seguito della separazione e del divorzio sostegno alla co-genitorialit\u00e0, per supportare i genitori in situazioni di conflitto intra-familiare gruppi di parola, per offrire un supporto ai figli che si trovano&hellip;<\/p>\n","protected":false},"author":1,"featured_media":0,"parent":0,"menu_order":0,"comment_status":"closed","ping_status":"closed","template":"","meta":{"footnotes":""},"class_list":["post-424","page","type-page","status-publish","hentry"],"_links":{"self":[{"href":"https:\/\/www.centrolevante.it\/macherio\/wp-json\/wp\/v2\/pages\/424","targetHints":{"allow":["GET"]}}],"collection":[{"href":"https:\/\/www.centrolevante.it\/macherio\/wp-json\/wp\/v2\/pages"}],"about":[{"href":"https:\/\/www.centrolevante.it\/macherio\/wp-json\/wp\/v2\/types\/page"}],"author":[{"embeddable":true,"href":"https:\/\/www.centrolevante.it\/macherio\/wp-json\/wp\/v2\/users\/1"}],"replies":[{"embeddable":true,"href":"https:\/\/www.centrolevante.it\/macherio\/wp-json\/wp\/v2\/comments?post=424"}],"version-history":[{"count":28,"href":"https:\/\/www.centrolevante.it\/macherio\/wp-json\/wp\/v2\/pages\/424\/revisions"}],"predecessor-version":[{"id":1251,"href":"https:\/\/www.centrolevante.it\/macherio\/wp-json\/wp\/v2\/pages\/424\/revisions\/1251"}],"wp:attachment":[{"href":"https:\/\/www.centrolevante.it\/macherio\/wp-json\/wp\/v2\/media?parent=424"}],"curies":[{"name":"wp","href":"https:\/\/api.w.org\/{rel}","templated":true}]}}